{"id":795,"date":"2025-02-18T08:04:07","date_gmt":"2025-02-18T08:04:07","guid":{"rendered":"https:\/\/jagdverband-nauen.de\/?page_id=795"},"modified":"2025-04-25T14:44:21","modified_gmt":"2025-04-25T14:44:21","slug":"schiesswesen-2","status":"publish","type":"page","link":"https:\/\/jagdverband-nauen.de\/?page_id=795","title":{"rendered":"Schie\u00dfwesen"},"content":{"rendered":"<h2>Jahresschie\u00dfen 2025 des JV Nauen e.V.<\/h2>\n<p>Veranstalter: JV Nauen e. V.<br \/>\nbei der Teilnahme von J\u00e4gern des JV Rathenow kann der Kreismeister Havelland ermittelt werden<br \/>\nAustragungsort: Schie\u00dfstand Wittstock<br \/>\nSamstag den 26. April 2025 8:30 Uhr<br \/>\nAnmeldung: beim Schie\u00dfobmann des JV Nauen e. V. Thomas Karle (siehe Vorstand) bis R\u00fcckmeldungen : bis zum\u00a0 erw\u00fcnscht, Niemand wird am Wettkampftag abgewiesen.<br \/>\nStartgeld: &#8211; \u20ac (Mitglieder JV Nauen) 20,00 \u20ac (G\u00e4ste)<\/p>\n<p>G\u00e4ste der J\u00e4gerschaften und Nichtmitglieder sind herzlich willkommen<br \/>\nAusschreibung:<\/p>\n<table>\n<tbody>\n<tr lang=\"\">\n<td class=\"auto-style3\" lang=\"\" colspan=\"4\" scope=\"\">1. B\u00fcchsenschie\u00dfen<\/td>\n<\/tr>\n<tr>\n<td class=\"auto-style4\" lang=\"\" scope=\"\">Schusszahl<\/td>\n<td lang=\"\" style=\"border: 1px solid #000000; text-align: center;\" scope=\"\"><span class=\"auto-style2\" style=\"font-size: medium;\">Scheibe <\/span><\/td>\n<td lang=\"\" style=\"border: 1px solid #000000; text-align: center;\" scope=\"\"><span class=\"auto-style2\" style=\"font-size: medium;\">Entfernung <\/span><\/td>\n<td class=\"auto-style4\" lang=\"\" scope=\"\">Anschlag<\/td>\n<\/tr>\n<tr>\n<td class=\"auto-style3\" lang=\"\" scope=\"\">5<br \/>\nSchuss<\/td>\n<td class=\"auto-style3\" lang=\"\" scope=\"\">DJV-Wildscheibe<br \/>\n1 &#8211; Rehbock<\/td>\n<td class=\"auto-style4\" lang=\"\" scope=\"\">100 m<\/td>\n<td class=\"auto-style3\" lang=\"\" scope=\"\">stehend<br \/>\nangestrichen<\/td>\n<\/tr>\n<tr>\n<td class=\"auto-style3\" lang=\"\" scope=\"\">5<br \/>\nSchuss<\/td>\n<td class=\"auto-style3\" lang=\"\" scope=\"\">DJV-Wildscheibe<br \/>\n2 &#8211; stehender \u00dcberl\u00e4ufer<\/td>\n<td class=\"auto-style4\" lang=\"\" scope=\"\">100 m<\/td>\n<td class=\"auto-style4\" lang=\"\" scope=\"\">stehend freih\u00e4ndig<\/td>\n<\/tr>\n<tr>\n<td class=\"auto-style3\" lang=\"\" scope=\"\">5<br \/>\nSchuss<\/td>\n<td class=\"auto-style4\" lang=\"\" scope=\"\">DJV-Wildscheibe 3 &#8211; Fuchs<\/td>\n<td class=\"auto-style4\" lang=\"\" scope=\"\">100 m<\/td>\n<td class=\"auto-style4\" lang=\"\" scope=\"\">liegend freih\u00e4ndig<\/td>\n<\/tr>\n<tr>\n<td class=\"auto-style3\" lang=\"\" scope=\"\">5<br \/>\nSchuss<\/td>\n<td class=\"auto-style4\" lang=\"\" scope=\"\">DJV-Wildscheibe 5 &#8211; fl\u00fcchtiger \u00dcberl\u00e4ufer<\/td>\n<td class=\"auto-style4\" lang=\"\" scope=\"\">50 m<\/td>\n<td class=\"auto-style4\" lang=\"\" scope=\"\">stehend freih\u00e4ndig<\/td>\n<\/tr>\n<tr>\n<td class=\"auto-style3\" lang=\"\" colspan=\"4\" scope=\"\">2. Flintenschie\u00dfen bis 28 g \u00a0Schrot<\/td>\n<\/tr>\n<tr>\n<td class=\"auto-style3\" lang=\"\" scope=\"\">15<\/td>\n<td class=\"auto-style3\" lang=\"\" colspan=\"3\" scope=\"\">Tauben Trap<\/td>\n<\/tr>\n<tr>\n<td class=\"auto-style3\" lang=\"\" scope=\"\">15<\/td>\n<td class=\"auto-style3\" lang=\"\" colspan=\"3\" scope=\"\">Tauben Skeet<\/td>\n<\/tr>\n<\/tbody>\n<\/table>\n<p>&nbsp;<\/p>\n<h2 class=\"auto-style5\"><strong>13. September 2025 jagdliches Schie\u00dfen II<\/strong><\/h2>\n<p class=\"auto-style2\">Austragungsort: Schie\u00dfsand Wittstock<\/p>\n<p><span class=\"auto-style2\">Ausschreibung: <\/span><\/p>\n<p><span class=\"auto-style2\">8:30 Uhr Beginn<\/span><\/p>\n<p><span class=\"auto-style2\">Einschie\u00dfen, Testen, Bewegungsjagddisziplinen<\/span><\/p>\n<p>Erlangung des Schie\u00dfnachweises<\/p>\n<p>Startgeld: ca. f\u00fcr Mitglieder JV Nauen<\/p>\n<p>R\u00fcckmeldung bis<\/p>\n<p>&nbsp;<\/p>\n<p class=\"auto-style2\">Schie\u00dfobmann<\/p>\n<p><span class=\"auto-style2\">Thomas Karle <\/span><\/p>\n<p>&nbsp;<\/p>\n","protected":false},"excerpt":{"rendered":"<p>Jahresschie\u00dfen 2025 des JV Nauen e.V. Veranstalter: JV Nauen e. V. bei der Teilnahme von J\u00e4gern des JV Rathenow kann der Kreismeister Havelland ermittelt werden<\/p>\n","protected":false},"author":1,"featured_media":0,"parent":0,"menu_order":0,"comment_status":"closed","ping_status":"closed","template":"","meta":{"footnotes":""},"class_list":["post-795","page","type-page","status-publish","hentry"],"_links":{"self":[{"href":"https:\/\/jagdverband-nauen.de\/index.php?rest_route=\/wp\/v2\/pages\/795","targetHints":{"allow":["GET"]}}],"collection":[{"href":"https:\/\/jagdverband-nauen.de\/index.php?rest_route=\/wp\/v2\/pages"}],"about":[{"href":"https:\/\/jagdverband-nauen.de\/index.php?rest_route=\/wp\/v2\/types\/page"}],"author":[{"embeddable":true,"href":"https:\/\/jagdverband-nauen.de\/index.php?rest_route=\/wp\/v2\/users\/1"}],"replies":[{"embeddable":true,"href":"https:\/\/jagdverband-nauen.de\/index.php?rest_route=%2Fwp%2Fv2%2Fcomments&post=795"}],"version-history":[{"count":4,"href":"https:\/\/jagdverband-nauen.de\/index.php?rest_route=\/wp\/v2\/pages\/795\/revisions"}],"predecessor-version":[{"id":812,"href":"https:\/\/jagdverband-nauen.de\/index.php?rest_route=\/wp\/v2\/pages\/795\/revisions\/812"}],"wp:attachment":[{"href":"https:\/\/jagdverband-nauen.de\/index.php?rest_route=%2Fwp%2Fv2%2Fmedia&parent=795"}],"curies":[{"name":"wp","href":"https:\/\/api.w.org\/{rel}","templated":true}]}}